{"id":602,"date":"2022-12-21T08:29:34","date_gmt":"2022-12-21T08:29:34","guid":{"rendered":"https:\/\/mairotec-energy.com\/?page_id=602"},"modified":"2025-08-07T11:21:04","modified_gmt":"2025-08-07T11:21:04","slug":"impressum","status":"publish","type":"page","link":"https:\/\/mairotec-energy.com\/es\/impressum\/","title":{"rendered":"Pie de imprenta"},"content":{"rendered":"<div data-elementor-type=\"wp-page\" data-elementor-id=\"602\" class=\"elementor elementor-602\" data-elementor-post-type=\"page\">\n\t\t\t\t\t\t\t<div class=\"elementor-element elementor-element-1c966c6 e-flex e-con-boxed e-con e-parent\" data-id=\"1c966c6\" data-element_type=\"container\" data-settings=\"{&quot;jet_parallax_layout_list&quot;:[],&quot;content_width&quot;:&quot;boxed&quot;}\" data-core-v316-plus=\"true\">\n\t\t\t\t\t<div class=\"e-con-inner\">\n\t\t\t\t<div class=\"elementor-element elementor-element-b244c59 elementor-widget elementor-widget-erecht24\" data-id=\"b244c59\" data-element_type=\"widget\" data-widget_type=\"erecht24.default\">\n\t\t\t\t<div class=\"elementor-widget-container\">\n\t\t\t<div class=\"erecht24-elementor-widget\"><div style=\"word-wrap: break-word;\"><h1>Pie de imprenta<\/h1>\n\n<p>Mairotec Energy&reg; GmbH<br \/>\nXavier-Vorbr&uuml;ggen-Str. 8<br \/>\n98694 Ilmenau<\/p>\n\n<p>Registro mercantil: HRB507484<br \/>\nTribunal de registro: Juzgado de Primera Instancia de Jena, Departamento del Tribunal de Registro.<\/p>\n\n<p><strong>Representado por:<\/strong><br \/>\nSr. Andreas Mathes, Director General<\/p>\n\n<h2>P\u00f3ngase en contacto con<\/h2>\n<p>Tel\u00e9fono: +49 (0) 36783 \/ 7059-0<br \/>\nFax: +49 (0) 36783 \/ 7059-20<br \/>\nCorreo electr\u00f3nico: info@mairotec-energy.com<\/p>\n\n<h2>CIF<\/h2>\n<p>Umsatzsteuer-Identifikationsnummer gem&auml;&szlig; &sect; 27 a Umsatzsteuergesetz:<br \/>\nDE280963580 N\u00ba EORI: DE 2696789<\/p>\n\n<h2>Verbraucher&shy;streit&shy;beilegung\/Universal&shy;schlichtungs&shy;stelle<\/h2>\n<p>No estamos dispuestos ni obligados a participar en procedimientos de resoluci\u00f3n de litigios ante una junta arbitral de consumo.<\/p><\/div><\/div>\t\t<\/div>\n\t\t\t\t<\/div>\n\t\t\t\t<div class=\"elementor-element elementor-element-e87d25d elementor-widget elementor-widget-text-editor\" data-id=\"e87d25d\" data-element_type=\"widget\" data-widget_type=\"text-editor.default\">\n\t\t\t\t<div class=\"elementor-widget-container\">\n\t\t\t<style>\/*! elementor - v3.16.0 - 14-09-2023 *\/\n.elementor-widget-text-editor.elementor-drop-cap-view-stacked .elementor-drop-cap{background-color:#69727d;color:#fff}.elementor-widget-text-editor.elementor-drop-cap-view-framed .elementor-drop-cap{color:#69727d;border:3px solid;background-color:transparent}.elementor-widget-text-editor:not(.elementor-drop-cap-view-default) .elementor-drop-cap{margin-top:8px}.elementor-widget-text-editor:not(.elementor-drop-cap-view-default) .elementor-drop-cap-letter{width:1em;height:1em}.elementor-widget-text-editor .elementor-drop-cap{float:left;text-align:center;line-height:1;font-size:50px}.elementor-widget-text-editor .elementor-drop-cap-letter{display:inline-block}<\/style>\t\t\t\t<h3><span style=\"color: #0096ff;\">Copyright<\/span><\/h3><p>Los contenidos y obras creados por los operadores del sitio en estas p\u00e1ginas est\u00e1n sujetos a la legislaci\u00f3n alemana sobre derechos de autor. La reproducci\u00f3n, transformaci\u00f3n, distribuci\u00f3n y cualquier tipo de explotaci\u00f3n fuera de los l\u00edmites de la ley de propiedad intelectual requieren el consentimiento por escrito del autor o creador respectivo. Las descargas y copias de este sitio s\u00f3lo est\u00e1n permitidas para uso privado y no comercial.<\/p><p>En la medida en que el contenido de esta p\u00e1gina no haya sido creado por el operador, se respetan los derechos de autor de terceros. En particular, los contenidos de terceros se identifican como tales. No obstante, si tiene conocimiento de una infracci\u00f3n de los derechos de autor, le rogamos que nos lo comunique. Si tenemos conocimiento de alguna infracci\u00f3n, eliminaremos dicho contenido inmediatamente.<\/p><h4>Concepto y creaci\u00f3n del sitio web<\/h4><p><a href=\"https:\/\/www.burningbird-media.com\/\" target=\"_blank\" rel=\"noopener\"><span style=\"color: #ffffff;\">Burning Bird Media GmbH<\/span><\/a><\/p><h5>Fuentes de imagen y v\u00eddeo<\/h5><p><a href=\"https:\/\/mairotec-energy.com\/es\/\" target=\"_blank\" rel=\"noopener\"><span style=\"color: #ffffff;\">Mairotec Energy GmbH<\/span><\/a><\/p><p>\u00a9<span class=\"blue science-text\" data-t=\"detail-panel-content-author-name\">AllahFoto <\/span>\/ #<span class=\"button button--action-v2 js-details-hover-btn margin-bottom-xsmall\">528967121<\/span>\/ stock.adobe.com<\/p><p>Envato Elements Pty Ltd.<\/p><ul><li>https:\/\/elements.envato.com\/solar-panels-QU7SKFV<\/li><li>https:\/\/elements.envato.com\/solar-panels-at-alternative-energy-farm-producing&#8211;UKJBEPQ<\/li><\/ul><p>Redes solares (solar-grids.com)<\/p>\t\t\t\t\t\t<\/div>\n\t\t\t\t<\/div>\n\t\t\t\t\t<\/div>\n\t\t\t\t<\/div>\n\t\t\t\t\t\t\t<\/div>","protected":false},"excerpt":{"rendered":"<p>Impressum Mairotec Energy&reg; GmbH Xavier-Vorbr&uuml;ggen-Str. 8 98694 Ilmenau Handelsregister: HRB507484 Registergericht: Amtsgericht Jena, Abt. Registergericht Vertreten durch: Herrn Andreas Mathes, CEO Kontakt Telefon: +49 (0) 36783 \/ 7059-0 Telefax: +49 (0) 36783 \/ 7059-20 E-Mail: info@mairotec-energy.com Umsatzsteuer-ID Umsatzsteuer-Identifikationsnummer gem&auml;&szlig; &sect; 27 a Umsatzsteuergesetz: DE280963580 EORI-Nr.: DE 2696789 Verbraucher&shy;streit&shy;beilegung\/Universal&shy;schlichtungs&shy;stelle Wir sind nicht bereit oder verpflichtet, an [&hellip;]<\/p>","protected":false},"author":1,"featured_media":0,"parent":0,"menu_order":0,"comment_status":"closed","ping_status":"closed","template":"","meta":{"footnotes":""},"class_list":["post-602","page","type-page","status-publish","hentry"],"_links":{"self":[{"href":"https:\/\/mairotec-energy.com\/es\/wp-json\/wp\/v2\/pages\/602"}],"collection":[{"href":"https:\/\/mairotec-energy.com\/es\/wp-json\/wp\/v2\/pages"}],"about":[{"href":"https:\/\/mairotec-energy.com\/es\/wp-json\/wp\/v2\/types\/page"}],"author":[{"embeddable":true,"href":"https:\/\/mairotec-energy.com\/es\/wp-json\/wp\/v2\/users\/1"}],"replies":[{"embeddable":true,"href":"https:\/\/mairotec-energy.com\/es\/wp-json\/wp\/v2\/comments?post=602"}],"version-history":[{"count":19,"href":"https:\/\/mairotec-energy.com\/es\/wp-json\/wp\/v2\/pages\/602\/revisions"}],"predecessor-version":[{"id":1177,"href":"https:\/\/mairotec-energy.com\/es\/wp-json\/wp\/v2\/pages\/602\/revisions\/1177"}],"wp:attachment":[{"href":"https:\/\/mairotec-energy.com\/es\/wp-json\/wp\/v2\/media?parent=602"}],"curies":[{"name":"wp","href":"https:\/\/api.w.org\/{rel}","templated":true}]}}