{"id":602,"date":"2022-12-21T08:29:34","date_gmt":"2022-12-21T08:29:34","guid":{"rendered":"https:\/\/mairotec-energy.com\/?page_id=602"},"modified":"2025-08-07T11:21:04","modified_gmt":"2025-08-07T11:21:04","slug":"impressum","status":"publish","type":"page","link":"https:\/\/mairotec-energy.com\/lv\/impressum\/","title":{"rendered":"Imprint"},"content":{"rendered":"<div data-elementor-type=\"wp-page\" data-elementor-id=\"602\" class=\"elementor elementor-602\" data-elementor-post-type=\"page\">\n\t\t\t\t\t\t\t<div class=\"elementor-element elementor-element-1c966c6 e-flex e-con-boxed e-con e-parent\" data-id=\"1c966c6\" data-element_type=\"container\" data-settings=\"{&quot;jet_parallax_layout_list&quot;:[],&quot;content_width&quot;:&quot;boxed&quot;}\" data-core-v316-plus=\"true\">\n\t\t\t\t\t<div class=\"e-con-inner\">\n\t\t\t\t<div class=\"elementor-element elementor-element-b244c59 elementor-widget elementor-widget-erecht24\" data-id=\"b244c59\" data-element_type=\"widget\" data-widget_type=\"erecht24.default\">\n\t\t\t\t<div class=\"elementor-widget-container\">\n\t\t\t<div class=\"erecht24-elementor-widget\"><div style=\"word-wrap: break-word;\"><h1>Imprint<\/h1>\n\n<p>Mairotec Energy&reg; GmbH<br \/>\nXavier-Vorbr&uuml;ggen-Str. 8<br \/>\n98694 Ilmenau<\/p>\n\n<p>Komercre\u0123istra numurs: HRB507484<br \/>\nRe\u0123istra tiesa: Jenas apgabaltiesa, Re\u0123istra tiesas departaments.<\/p>\n\n<p><strong>P\u0101rst\u0101v:<\/strong><br \/>\nAndreas Mathes, izpilddirektors<\/p>\n\n<h2>Sazinieties ar<\/h2>\n<p>T\u0101lrunis: +49 (0) 36783 \/ 7059-0<br \/>\nFakss: +49 (0) 36783 \/ 7059-20<br \/>\nE-pasts: info@mairotec-energy.com<\/p>\n\n<h2>PVN MAKS\u0100T\u0100JA RE\u0122ISTR\u0100CIJAS NUMURS<\/h2>\n<p>Umsatzsteuer-Identifikationsnummer gem&auml;&szlig; &sect; 27 a Umsatzsteuergesetz:<br \/>\nDE280963580 EORI Nr.: DE 2696789<\/p>\n\n<h2>Verbraucher&shy;streit&shy;beilegung\/Universal&shy;schlichtungs&shy;stelle<\/h2>\n<p>M\u0113s nev\u0113lamies vai mums nav pien\u0101kuma piedal\u012bties str\u012bdu iz\u0161\u0137ir\u0161anas proces\u0101 pat\u0113r\u0113t\u0101ju \u0161\u0137\u012br\u0113jties\u0101.<\/p><\/div><\/div>\t\t<\/div>\n\t\t\t\t<\/div>\n\t\t\t\t<div class=\"elementor-element elementor-element-e87d25d elementor-widget elementor-widget-text-editor\" data-id=\"e87d25d\" data-element_type=\"widget\" data-widget_type=\"text-editor.default\">\n\t\t\t\t<div class=\"elementor-widget-container\">\n\t\t\t<style>\/*! elementor - v3.16.0 - 14-09-2023 *\/\n.elementor-widget-text-editor.elementor-drop-cap-view-stacked .elementor-drop-cap{background-color:#69727d;color:#fff}.elementor-widget-text-editor.elementor-drop-cap-view-framed .elementor-drop-cap{color:#69727d;border:3px solid;background-color:transparent}.elementor-widget-text-editor:not(.elementor-drop-cap-view-default) .elementor-drop-cap{margin-top:8px}.elementor-widget-text-editor:not(.elementor-drop-cap-view-default) .elementor-drop-cap-letter{width:1em;height:1em}.elementor-widget-text-editor .elementor-drop-cap{float:left;text-align:center;line-height:1;font-size:50px}.elementor-widget-text-editor .elementor-drop-cap-letter{display:inline-block}<\/style>\t\t\t\t<h3><span style=\"color: #0096ff;\">Autorties\u012bbas<\/span><\/h3><p>Uz saturu un darbiem, ko vietnes operatori izveidoju\u0161i \u0161aj\u0101s lap\u0101s, attiecas V\u0101cijas autorties\u012bbu likumi. Pavairo\u0161anai, apstr\u0101dei, izplat\u012b\u0161anai un jebk\u0101da veida izmanto\u0161anai \u0101rpus autorties\u012bbu likuma robe\u017e\u0101m ir nepiecie\u0161ama attiec\u012bg\u0101 autora vai rad\u012bt\u0101ja rakstiska piekri\u0161ana. \u0160\u012bs vietnes lejupiel\u0101des un kopijas ir at\u013cautas tikai priv\u0101tai, nekomerci\u0101lai lieto\u0161anai.<\/p><p>Cikt\u0101l \u0161\u012bs lapas saturu nav izveidojis operators, tiek iev\u0113rotas tre\u0161o personu autorties\u012bbas. Jo \u012bpa\u0161i tre\u0161\u0101s puses saturs tiek identific\u0113ts k\u0101 t\u0101ds. Ja tom\u0113r uzzin\u0101t par autorties\u012bbu p\u0101rk\u0101pumu, l\u016bdzu, inform\u0113jiet m\u016bs par to. Ja m\u0113s uzzin\u0101sim par jebk\u0101diem p\u0101rk\u0101pumiem, m\u0113s nekav\u0113joties dz\u0113s\u012bsim \u0161\u0101du saturu.<\/p><h4>T\u012bmek\u013ca vietnes koncepcija un izveide<\/h4><p><a href=\"https:\/\/www.burningbird-media.com\/\" target=\"_blank\" rel=\"noopener\"><span style=\"color: #ffffff;\">Burning Bird Media GmbH<\/span><\/a><\/p><h5>Att\u0113lu un video avoti<\/h5><p><a href=\"https:\/\/mairotec-energy.com\/lv\/\" target=\"_blank\" rel=\"noopener\"><span style=\"color: #ffffff;\">Mairotec Energy GmbH<\/span><\/a><\/p><p>\u00a9<span class=\"blue science-text\" data-t=\"detail-panel-content-author-name\">AllahPhoto <\/span>\/ #<span class=\"button button--action-v2 js-details-hover-btn margin-bottom-xsmall\">528967121<\/span>\/ stock.adobe.com<\/p><p>Envato Elements Pty Ltd.<\/p><ul><li>https:\/\/elements.envato.com\/solar-panels-QU7SKFV<\/li><li>https:\/\/elements.envato.com\/solar-panels-at-alternative-energy-farm-producing&#8211;UKJBEPQ<\/li><\/ul><p>Saules t\u012bkli (solar-grids.com)<\/p>\t\t\t\t\t\t<\/div>\n\t\t\t\t<\/div>\n\t\t\t\t\t<\/div>\n\t\t\t\t<\/div>\n\t\t\t\t\t\t\t<\/div>","protected":false},"excerpt":{"rendered":"<p>Impressum Mairotec Energy&reg; GmbH Xavier-Vorbr&uuml;ggen-Str. 8 98694 Ilmenau Handelsregister: HRB507484 Registergericht: Amtsgericht Jena, Abt. Registergericht Vertreten durch: Herrn Andreas Mathes, CEO Kontakt Telefon: +49 (0) 36783 \/ 7059-0 Telefax: +49 (0) 36783 \/ 7059-20 E-Mail: info@mairotec-energy.com Umsatzsteuer-ID Umsatzsteuer-Identifikationsnummer gem&auml;&szlig; &sect; 27 a Umsatzsteuergesetz: DE280963580 EORI-Nr.: DE 2696789 Verbraucher&shy;streit&shy;beilegung\/Universal&shy;schlichtungs&shy;stelle Wir sind nicht bereit oder verpflichtet, an [&hellip;]<\/p>","protected":false},"author":1,"featured_media":0,"parent":0,"menu_order":0,"comment_status":"closed","ping_status":"closed","template":"","meta":{"footnotes":""},"class_list":["post-602","page","type-page","status-publish","hentry"],"_links":{"self":[{"href":"https:\/\/mairotec-energy.com\/lv\/wp-json\/wp\/v2\/pages\/602"}],"collection":[{"href":"https:\/\/mairotec-energy.com\/lv\/wp-json\/wp\/v2\/pages"}],"about":[{"href":"https:\/\/mairotec-energy.com\/lv\/wp-json\/wp\/v2\/types\/page"}],"author":[{"embeddable":true,"href":"https:\/\/mairotec-energy.com\/lv\/wp-json\/wp\/v2\/users\/1"}],"replies":[{"embeddable":true,"href":"https:\/\/mairotec-energy.com\/lv\/wp-json\/wp\/v2\/comments?post=602"}],"version-history":[{"count":19,"href":"https:\/\/mairotec-energy.com\/lv\/wp-json\/wp\/v2\/pages\/602\/revisions"}],"predecessor-version":[{"id":1177,"href":"https:\/\/mairotec-energy.com\/lv\/wp-json\/wp\/v2\/pages\/602\/revisions\/1177"}],"wp:attachment":[{"href":"https:\/\/mairotec-energy.com\/lv\/wp-json\/wp\/v2\/media?parent=602"}],"curies":[{"name":"wp","href":"https:\/\/api.w.org\/{rel}","templated":true}]}}