{"id":602,"date":"2022-12-21T08:29:34","date_gmt":"2022-12-21T08:29:34","guid":{"rendered":"https:\/\/mairotec-energy.com\/?page_id=602"},"modified":"2025-08-07T11:21:04","modified_gmt":"2025-08-07T11:21:04","slug":"impressum","status":"publish","type":"page","link":"https:\/\/mairotec-energy.com\/ro\/impressum\/","title":{"rendered":"Imprimare"},"content":{"rendered":"<div data-elementor-type=\"wp-page\" data-elementor-id=\"602\" class=\"elementor elementor-602\" data-elementor-post-type=\"page\">\n\t\t\t\t\t\t\t<div class=\"elementor-element elementor-element-1c966c6 e-flex e-con-boxed e-con e-parent\" data-id=\"1c966c6\" data-element_type=\"container\" data-settings=\"{&quot;jet_parallax_layout_list&quot;:[],&quot;content_width&quot;:&quot;boxed&quot;}\" data-core-v316-plus=\"true\">\n\t\t\t\t\t<div class=\"e-con-inner\">\n\t\t\t\t<div class=\"elementor-element elementor-element-b244c59 elementor-widget elementor-widget-erecht24\" data-id=\"b244c59\" data-element_type=\"widget\" data-widget_type=\"erecht24.default\">\n\t\t\t\t<div class=\"elementor-widget-container\">\n\t\t\t<div class=\"erecht24-elementor-widget\"><div style=\"word-wrap: break-word;\"><h1>Imprimare<\/h1>\n\n<p>Mairotec Energy&reg; GmbH<br \/>\nXavier-Vorbr&uuml;ggen-Str. 8<br \/>\n98694 Ilmenau<\/p>\n\n<p>Registrul comer\u021bului: HRB507484<br \/>\nInstan\u021ba de cazier judiciar: Tribunalul local Jena, Departamentul de cazier judiciar.<\/p>\n\n<p><strong>Reprezentat de:<\/strong><br \/>\nDl Andreas Mathes, CEO<\/p>\n\n<h2>Contacta\u021bi<\/h2>\n<p>Telefon: +49 (0) 36783 \/ 7059-0<br \/>\nFax: +49 (0) 36783 \/ 7059-20<br \/>\nE-mail: info@mairotec-energy.com<\/p>\n\n<h2>ID TVA<\/h2>\n<p>Umsatzsteuer-Identifikationsnummer gem&auml;&szlig; &sect; 27 a Umsatzsteuergesetz:<br \/>\nDE280963580 Nr. EORI: DE 2696789<\/p>\n\n<h2>Verbraucher&shy;streit&shy;beilegung\/Universal&shy;schlichtungs&shy;stelle<\/h2>\n<p>Nu suntem dispu\u0219i sau obliga\u021bi s\u0103 particip\u0103m la procedurile de solu\u021bionare a litigiilor \u00een fa\u021ba unei comisii de arbitraj pentru consumatori.<\/p><\/div><\/div>\t\t<\/div>\n\t\t\t\t<\/div>\n\t\t\t\t<div class=\"elementor-element elementor-element-e87d25d elementor-widget elementor-widget-text-editor\" data-id=\"e87d25d\" data-element_type=\"widget\" data-widget_type=\"text-editor.default\">\n\t\t\t\t<div class=\"elementor-widget-container\">\n\t\t\t<style>\/*! elementor - v3.16.0 - 14-09-2023 *\/\n.elementor-widget-text-editor.elementor-drop-cap-view-stacked .elementor-drop-cap{background-color:#69727d;color:#fff}.elementor-widget-text-editor.elementor-drop-cap-view-framed .elementor-drop-cap{color:#69727d;border:3px solid;background-color:transparent}.elementor-widget-text-editor:not(.elementor-drop-cap-view-default) .elementor-drop-cap{margin-top:8px}.elementor-widget-text-editor:not(.elementor-drop-cap-view-default) .elementor-drop-cap-letter{width:1em;height:1em}.elementor-widget-text-editor .elementor-drop-cap{float:left;text-align:center;line-height:1;font-size:50px}.elementor-widget-text-editor .elementor-drop-cap-letter{display:inline-block}<\/style>\t\t\t\t<h3><span style=\"color: #0096ff;\">Drepturi de autor<\/span><\/h3><p>Con\u021binutul \u0219i lucr\u0103rile create de operatorii site-ului pe aceste pagini sunt supuse legisla\u021biei germane privind drepturile de autor. Reproducerea, prelucrarea, distribuirea \u0219i orice fel de exploatare \u00een afara limitelor legii drepturilor de autor necesit\u0103 acordul scris al autorului sau creatorului respectiv. Desc\u0103rc\u0103rile \u0219i copiile de pe acest site sunt permise numai pentru uz privat, necomercial.<\/p><p>\u00cen m\u0103sura \u00een care con\u021binutul acestei pagini nu a fost creat de c\u0103tre operator, sunt respectate drepturile de autor ale ter\u021bilor. \u00cen special, con\u021binutul ter\u021bilor este identificat ca atare. \u00cen cazul \u00een care, cu toate acestea, lua\u021bi cuno\u0219tin\u021b\u0103 de o \u00eenc\u0103lcare a drepturilor de autor, v\u0103 rug\u0103m s\u0103 ne informa\u021bi \u00een consecin\u021b\u0103. \u00cen cazul \u00een care lu\u0103m cuno\u0219tin\u021b\u0103 de \u00eenc\u0103lc\u0103ri, vom elimina imediat con\u021binutul respectiv.<\/p><h4>Conceptul \u0219i crearea site-ului web<\/h4><p><a href=\"https:\/\/www.burningbird-media.com\/\" target=\"_blank\" rel=\"noopener\"><span style=\"color: #ffffff;\">Burning Bird Media GmbH<\/span><\/a><\/p><h5>Surse de imagine \u0219i video<\/h5><p><a href=\"https:\/\/mairotec-energy.com\/ro\/\" target=\"_blank\" rel=\"noopener\"><span style=\"color: #ffffff;\">Mairotec Energy GmbH<\/span><\/a><\/p><p>\u00a9<span class=\"blue science-text\" data-t=\"detail-panel-content-author-name\">AllahPhoto <\/span>\/ #<span class=\"button button--action-v2 js-details-hover-btn margin-bottom-xsmall\">528967121<\/span>\/ stock.adobe.com<\/p><p>Envato Elements Pty Ltd.<\/p><ul><li>https:\/\/elements.envato.com\/solar-panels-QU7SKFV<\/li><li>https:\/\/elements.envato.com\/solar-panels-at-alternative-energy-farm-producing&#8211;UKJBEPQ<\/li><\/ul><p>Re\u021bele solare (solar-grids.com)<\/p>\t\t\t\t\t\t<\/div>\n\t\t\t\t<\/div>\n\t\t\t\t\t<\/div>\n\t\t\t\t<\/div>\n\t\t\t\t\t\t\t<\/div>","protected":false},"excerpt":{"rendered":"<p>Impressum Mairotec Energy&reg; GmbH Xavier-Vorbr&uuml;ggen-Str. 8 98694 Ilmenau Handelsregister: HRB507484 Registergericht: Amtsgericht Jena, Abt. Registergericht Vertreten durch: Herrn Andreas Mathes, CEO Kontakt Telefon: +49 (0) 36783 \/ 7059-0 Telefax: +49 (0) 36783 \/ 7059-20 E-Mail: info@mairotec-energy.com Umsatzsteuer-ID Umsatzsteuer-Identifikationsnummer gem&auml;&szlig; &sect; 27 a Umsatzsteuergesetz: DE280963580 EORI-Nr.: DE 2696789 Verbraucher&shy;streit&shy;beilegung\/Universal&shy;schlichtungs&shy;stelle Wir sind nicht bereit oder verpflichtet, an [&hellip;]<\/p>","protected":false},"author":1,"featured_media":0,"parent":0,"menu_order":0,"comment_status":"closed","ping_status":"closed","template":"","meta":{"footnotes":""},"class_list":["post-602","page","type-page","status-publish","hentry"],"_links":{"self":[{"href":"https:\/\/mairotec-energy.com\/ro\/wp-json\/wp\/v2\/pages\/602"}],"collection":[{"href":"https:\/\/mairotec-energy.com\/ro\/wp-json\/wp\/v2\/pages"}],"about":[{"href":"https:\/\/mairotec-energy.com\/ro\/wp-json\/wp\/v2\/types\/page"}],"author":[{"embeddable":true,"href":"https:\/\/mairotec-energy.com\/ro\/wp-json\/wp\/v2\/users\/1"}],"replies":[{"embeddable":true,"href":"https:\/\/mairotec-energy.com\/ro\/wp-json\/wp\/v2\/comments?post=602"}],"version-history":[{"count":19,"href":"https:\/\/mairotec-energy.com\/ro\/wp-json\/wp\/v2\/pages\/602\/revisions"}],"predecessor-version":[{"id":1177,"href":"https:\/\/mairotec-energy.com\/ro\/wp-json\/wp\/v2\/pages\/602\/revisions\/1177"}],"wp:attachment":[{"href":"https:\/\/mairotec-energy.com\/ro\/wp-json\/wp\/v2\/media?parent=602"}],"curies":[{"name":"wp","href":"https:\/\/api.w.org\/{rel}","templated":true}]}}