{"id":602,"date":"2022-12-21T08:29:34","date_gmt":"2022-12-21T08:29:34","guid":{"rendered":"https:\/\/mairotec-energy.com\/?page_id=602"},"modified":"2025-08-07T11:21:04","modified_gmt":"2025-08-07T11:21:04","slug":"impressum","status":"publish","type":"page","link":"https:\/\/mairotec-energy.com\/sv\/impressum\/","title":{"rendered":"Tryck"},"content":{"rendered":"<div data-elementor-type=\"wp-page\" data-elementor-id=\"602\" class=\"elementor elementor-602\" data-elementor-post-type=\"page\">\n\t\t\t\t\t\t\t<div class=\"elementor-element elementor-element-1c966c6 e-flex e-con-boxed e-con e-parent\" data-id=\"1c966c6\" data-element_type=\"container\" data-settings=\"{&quot;jet_parallax_layout_list&quot;:[],&quot;content_width&quot;:&quot;boxed&quot;}\" data-core-v316-plus=\"true\">\n\t\t\t\t\t<div class=\"e-con-inner\">\n\t\t\t\t<div class=\"elementor-element elementor-element-b244c59 elementor-widget elementor-widget-erecht24\" data-id=\"b244c59\" data-element_type=\"widget\" data-widget_type=\"erecht24.default\">\n\t\t\t\t<div class=\"elementor-widget-container\">\n\t\t\t<div class=\"erecht24-elementor-widget\"><div style=\"word-wrap: break-word;\"><h1>Tryck<\/h1>\n\n<p>Mairotec Energy&reg; GmbH<br \/>\nXavier-Vorbr&uuml;ggen-Str. 8<br \/>\n98694 Ilmenau<\/p>\n\n<p>Handelsregister: HRB507484<br \/>\nRegistreringsdomstol: Jena Local Court, Registry Court Dept.<\/p>\n\n<p><strong>F\u00f6retr\u00e4dd av:<\/strong><br \/>\nAndreas Mathes, verkst\u00e4llande direkt\u00f6r<\/p>\n\n<h2>Kontakta<\/h2>\n<p>Telefon: +49 (0) 36783 \/ 7059-0<br \/>\nFax: +49 (0) 36783 \/ 7059-20<br \/>\nE-post: info@mairotec-energy.com<\/p>\n\n<h2>MOMS-ID<\/h2>\n<p>Umsatzsteuer-Identifikationsnummer gem&auml;&szlig; &sect; 27 a Umsatzsteuergesetz:<br \/>\nDE280963580 EORI-nummer: DE 2696789<\/p>\n\n<h2>Verbraucher&shy;streit&shy;beilegung\/Universal&shy;schlichtungs&shy;stelle<\/h2>\n<p>Vi \u00e4r inte villiga eller skyldiga att delta i tvistl\u00f6sningsf\u00f6rfaranden inf\u00f6r en konsumentskiljen\u00e4mnd.<\/p><\/div><\/div>\t\t<\/div>\n\t\t\t\t<\/div>\n\t\t\t\t<div class=\"elementor-element elementor-element-e87d25d elementor-widget elementor-widget-text-editor\" data-id=\"e87d25d\" data-element_type=\"widget\" data-widget_type=\"text-editor.default\">\n\t\t\t\t<div class=\"elementor-widget-container\">\n\t\t\t<style>\/*! elementor - v3.16.0 - 14-09-2023 *\/\n.elementor-widget-text-editor.elementor-drop-cap-view-stacked .elementor-drop-cap{background-color:#69727d;color:#fff}.elementor-widget-text-editor.elementor-drop-cap-view-framed .elementor-drop-cap{color:#69727d;border:3px solid;background-color:transparent}.elementor-widget-text-editor:not(.elementor-drop-cap-view-default) .elementor-drop-cap{margin-top:8px}.elementor-widget-text-editor:not(.elementor-drop-cap-view-default) .elementor-drop-cap-letter{width:1em;height:1em}.elementor-widget-text-editor .elementor-drop-cap{float:left;text-align:center;line-height:1;font-size:50px}.elementor-widget-text-editor .elementor-drop-cap-letter{display:inline-block}<\/style>\t\t\t\t<h3><span style=\"color: #0096ff;\">Upphovsr\u00e4tt<\/span><\/h3><p>Inneh\u00e5llet och de verk som skapats av webbplatsens operat\u00f6rer p\u00e5 dessa sidor omfattas av den tyska upphovsr\u00e4ttslagen. Kopiering, bearbetning, distribution och varje form av utnyttjande utanf\u00f6r gr\u00e4nserna f\u00f6r upphovsr\u00e4ttslagen kr\u00e4ver skriftligt tillst\u00e5nd fr\u00e5n respektive f\u00f6rfattare eller skapare. Nedladdningar och kopior av denna webbplats \u00e4r endast till\u00e5tna f\u00f6r privat, icke-kommersiellt bruk.<\/p><p>I den m\u00e5n inneh\u00e5llet p\u00e5 denna sida inte har skapats av operat\u00f6ren respekteras tredje parts upphovsr\u00e4tt. S\u00e4rskilt inneh\u00e5ll fr\u00e5n tredje part identifieras som s\u00e5dant. Om du \u00e4nd\u00e5 skulle f\u00e5 k\u00e4nnedom om ett upphovsr\u00e4ttsintr\u00e5ng, v\u00e4nligen informera oss om detta. Om vi f\u00e5r k\u00e4nnedom om n\u00e5gra \u00f6vertr\u00e4delser kommer vi att ta bort s\u00e5dant inneh\u00e5ll omedelbart.<\/p><h4>Koncept och skapande av webbplats<\/h4><p><a href=\"https:\/\/www.burningbird-media.com\/\" target=\"_blank\" rel=\"noopener\"><span style=\"color: #ffffff;\">Burning Bird Media GmbH<\/span><\/a><\/p><h5>Bild- och videok\u00e4llor<\/h5><p><a href=\"https:\/\/mairotec-energy.com\/sv\/\" target=\"_blank\" rel=\"noopener\"><span style=\"color: #ffffff;\">Mairotec Energy GmbH<\/span><\/a><\/p><p>\u00a9<span class=\"blue science-text\" data-t=\"detail-panel-content-author-name\">AllahPhoto <\/span>\/ #<span class=\"button button--action-v2 js-details-hover-btn margin-bottom-xsmall\">528967121<\/span>\/ stock.adobe.com<\/p><p>Envato Elements Pty Ltd.<\/p><ul><li>https:\/\/elements.envato.com\/solar-panels-QU7SKFV<\/li><li>https:\/\/elements.envato.com\/solar-panels-at-alternative-energy-farm-producing&#8211;UKJBEPQ<\/li><\/ul><p>Soln\u00e4t (solar-grids.com)<\/p>\t\t\t\t\t\t<\/div>\n\t\t\t\t<\/div>\n\t\t\t\t\t<\/div>\n\t\t\t\t<\/div>\n\t\t\t\t\t\t\t<\/div>","protected":false},"excerpt":{"rendered":"<p>Impressum Mairotec Energy&reg; GmbH Xavier-Vorbr&uuml;ggen-Str. 8 98694 Ilmenau Handelsregister: HRB507484 Registergericht: Amtsgericht Jena, Abt. Registergericht Vertreten durch: Herrn Andreas Mathes, CEO Kontakt Telefon: +49 (0) 36783 \/ 7059-0 Telefax: +49 (0) 36783 \/ 7059-20 E-Mail: info@mairotec-energy.com Umsatzsteuer-ID Umsatzsteuer-Identifikationsnummer gem&auml;&szlig; &sect; 27 a Umsatzsteuergesetz: DE280963580 EORI-Nr.: DE 2696789 Verbraucher&shy;streit&shy;beilegung\/Universal&shy;schlichtungs&shy;stelle Wir sind nicht bereit oder verpflichtet, an [&hellip;]<\/p>","protected":false},"author":1,"featured_media":0,"parent":0,"menu_order":0,"comment_status":"closed","ping_status":"closed","template":"","meta":{"footnotes":""},"class_list":["post-602","page","type-page","status-publish","hentry"],"_links":{"self":[{"href":"https:\/\/mairotec-energy.com\/sv\/wp-json\/wp\/v2\/pages\/602"}],"collection":[{"href":"https:\/\/mairotec-energy.com\/sv\/wp-json\/wp\/v2\/pages"}],"about":[{"href":"https:\/\/mairotec-energy.com\/sv\/wp-json\/wp\/v2\/types\/page"}],"author":[{"embeddable":true,"href":"https:\/\/mairotec-energy.com\/sv\/wp-json\/wp\/v2\/users\/1"}],"replies":[{"embeddable":true,"href":"https:\/\/mairotec-energy.com\/sv\/wp-json\/wp\/v2\/comments?post=602"}],"version-history":[{"count":19,"href":"https:\/\/mairotec-energy.com\/sv\/wp-json\/wp\/v2\/pages\/602\/revisions"}],"predecessor-version":[{"id":1177,"href":"https:\/\/mairotec-energy.com\/sv\/wp-json\/wp\/v2\/pages\/602\/revisions\/1177"}],"wp:attachment":[{"href":"https:\/\/mairotec-energy.com\/sv\/wp-json\/wp\/v2\/media?parent=602"}],"curies":[{"name":"wp","href":"https:\/\/api.w.org\/{rel}","templated":true}]}}